{"id":3114,"date":"2024-08-07T18:04:19","date_gmt":"2024-08-07T16:04:19","guid":{"rendered":"https:\/\/hautarztzentrum-bb.de\/?page_id=3114"},"modified":"2024-08-09T09:48:46","modified_gmt":"2024-08-09T07:48:46","slug":"stellenanzeigen","status":"publish","type":"page","link":"https:\/\/hautarztzentrum-bb.de\/en_\/stellenanzeigen\/","title":{"rendered":"Job advertisements"},"content":{"rendered":"<div data-elementor-type=\"wp-page\" data-elementor-id=\"3114\" class=\"elementor elementor-3114\" data-elementor-post-type=\"page\">\n\t\t\t\t\t\t<section class=\"elementor-section elementor-top-section elementor-element elementor-element-6e5c354 elementor-section-full_width elementor-section-height-default elementor-section-height-default\" data-id=\"6e5c354\" data-element_type=\"section\" data-e-type=\"section\" data-settings=\"{&quot;background_background&quot;:&quot;classic&quot;}\">\n\t\t\t\t\t\t<div class=\"elementor-container elementor-column-gap-default\">\n\t\t\t\t\t<div class=\"elementor-column elementor-col-100 elementor-top-column elementor-element elementor-element-6805a9b\" data-id=\"6805a9b\" data-element_type=\"column\" data-e-type=\"column\">\n\t\t\t<div class=\"elementor-widget-wrap elementor-element-populated\">\n\t\t\t\t\t\t<div class=\"elementor-element elementor-element-276fcf3 elementor-widget elementor-widget-image\" data-id=\"276fcf3\" data-element_type=\"widget\" data-e-type=\"widget\" data-widget_type=\"image.default\">\n\t\t\t\t<div class=\"elementor-widget-container\">\n\t\t\t\t\t\t\t\t\t\t\t\t\t\t\t<img fetchpriority=\"high\" decoding=\"async\" width=\"750\" height=\"450\" src=\"https:\/\/hautarztzentrum-bb.de\/wp-content\/uploads\/2021\/03\/Praxis_Empfang_1000x600-768x461.jpg\" class=\"attachment-medium_large size-medium_large wp-image-413\" alt=\"\" srcset=\"https:\/\/hautarztzentrum-bb.de\/wp-content\/uploads\/2021\/03\/Praxis_Empfang_1000x600-768x461.jpg 768w, https:\/\/hautarztzentrum-bb.de\/wp-content\/uploads\/2021\/03\/Praxis_Empfang_1000x600-300x180.jpg 300w, https:\/\/hautarztzentrum-bb.de\/wp-content\/uploads\/2021\/03\/Praxis_Empfang_1000x600.jpg 1000w\" sizes=\"(max-width: 750px) 100vw, 750px\" style=\"width:100%;height:60%;max-width:1000px\" \/>\t\t\t\t\t\t\t\t\t\t\t\t\t\t\t<\/div>\n\t\t\t\t<\/div>\n\t\t\t\t\t<\/div>\n\t\t<\/div>\n\t\t\t\t\t<\/div>\n\t\t<\/section>\n\t\t\t\t<section class=\"elementor-section elementor-top-section elementor-element elementor-element-e54a28a elementor-section-boxed elementor-section-height-default elementor-section-height-default\" data-id=\"e54a28a\" data-element_type=\"section\" data-e-type=\"section\">\n\t\t\t\t\t\t<div class=\"elementor-container elementor-column-gap-default\">\n\t\t\t\t\t<div class=\"elementor-column elementor-col-100 elementor-top-column elementor-element elementor-element-7602901\" data-id=\"7602901\" data-element_type=\"column\" data-e-type=\"column\">\n\t\t\t<div class=\"elementor-widget-wrap elementor-element-populated\">\n\t\t\t\t\t\t<div class=\"elementor-element elementor-element-1b70ffa elementor-widget elementor-widget-heading\" data-id=\"1b70ffa\" data-element_type=\"widget\" data-e-type=\"widget\" data-widget_type=\"heading.default\">\n\t\t\t\t<div class=\"elementor-widget-container\">\n\t\t\t\t\t<h1 class=\"elementor-heading-title elementor-size-default\">Unsere aktuellen Stellenanzeigen<\/h1>\t\t\t\t<\/div>\n\t\t\t\t<\/div>\n\t\t\t\t<div class=\"elementor-element elementor-element-48ef3d3 elementor-widget elementor-widget-heading\" data-id=\"48ef3d3\" data-element_type=\"widget\" data-e-type=\"widget\" data-widget_type=\"heading.default\">\n\t\t\t\t<div class=\"elementor-widget-container\">\n\t\t\t\t\t<p class=\"elementor-heading-title elementor-size-default\">Werden Sie Teil unseres Hautarztzentrum-Teams<\/p>\t\t\t\t<\/div>\n\t\t\t\t<\/div>\n\t\t\t\t<div class=\"elementor-element elementor-element-e801af4 elementor-widget elementor-widget-spacer\" data-id=\"e801af4\" data-element_type=\"widget\" data-e-type=\"widget\" data-widget_type=\"spacer.default\">\n\t\t\t\t<div class=\"elementor-widget-container\">\n\t\t\t\t\t\t\t<div class=\"elementor-spacer\">\n\t\t\t<div class=\"elementor-spacer-inner\"><\/div>\n\t\t<\/div>\n\t\t\t\t\t\t<\/div>\n\t\t\t\t<\/div>\n\t\t\t\t<div class=\"elementor-element elementor-element-72b23f8 elementor-widget elementor-widget-text-editor\" data-id=\"72b23f8\" data-element_type=\"widget\" data-e-type=\"widget\" data-widget_type=\"text-editor.default\">\n\t\t\t\t<div class=\"elementor-widget-container\">\n\t\t\t\t\t\t\t\t\t<p>Wir sind stets auf der Suche nach engagierten Fachkr\u00e4ften, die mit Leidenschaft und Expertise unser Team bereichern m\u00f6chten. In unserer modernen Praxis bieten wir Ihnen die M\u00f6glichkeit, in einem dynamischen Umfeld zu arbeiten, das kontinuierliches Lernen und Weiterentwicklung f\u00f6rdert. Entdecken Sie unsere aktuellen Stellenangebote und finden Sie heraus, wie Sie bei uns einen Unterschied machen k\u00f6nnen.<\/p>\t\t\t\t\t\t\t\t<\/div>\n\t\t\t\t<\/div>\n\t\t\t\t\t<\/div>\n\t\t<\/div>\n\t\t\t\t\t<\/div>\n\t\t<\/section>\n\t\t\t\t<section class=\"elementor-section elementor-top-section elementor-element elementor-element-5d4ae16 elementor-section-boxed elementor-section-height-default elementor-section-height-default\" data-id=\"5d4ae16\" data-element_type=\"section\" data-e-type=\"section\">\n\t\t\t\t\t\t<div class=\"elementor-container elementor-column-gap-default\">\n\t\t\t\t\t<div class=\"elementor-column elementor-col-100 elementor-top-column elementor-element elementor-element-485b973\" data-id=\"485b973\" data-element_type=\"column\" data-e-type=\"column\">\n\t\t\t<div class=\"elementor-widget-wrap elementor-element-populated\">\n\t\t\t\t\t\t<div class=\"elementor-element elementor-element-66204ea elementor-widget elementor-widget-heading\" data-id=\"66204ea\" data-element_type=\"widget\" data-e-type=\"widget\" data-widget_type=\"heading.default\">\n\t\t\t\t<div class=\"elementor-widget-container\">\n\t\t\t\t\t<h2 class=\"elementor-heading-title elementor-size-default\">aktuelle Stellenangebote:<\/h2>\t\t\t\t<\/div>\n\t\t\t\t<\/div>\n\t\t\t\t<div class=\"elementor-element elementor-element-8816660 elementor-widget elementor-widget-posts\" data-id=\"8816660\" data-element_type=\"widget\" data-e-type=\"widget\" data-settings=\"{&quot;full_content_row_gap&quot;:{&quot;unit&quot;:&quot;px&quot;,&quot;size&quot;:25,&quot;sizes&quot;:[]}}\" data-widget_type=\"posts.full_content\">\n\t\t\t\t<div class=\"elementor-widget-container\">\n\t\t\t\t\t\t\t<div class=\"elementor-posts-container elementor-posts elementor-posts--skin-full_content elementor-grid\" role=\"list\">\n\t\t\t\t<article class=\"elementor-post elementor-grid-item post-3270 stellenanzeige type-stellenanzeige status-publish hentry entry\" role=\"listitem\">\n\t\t\t\t<div class=\"elementor-post__text\">\n\t\t\t\t<h2 class=\"elementor-post__title\">\n\t\t\t<a href=\"https:\/\/hautarztzentrum-bb.de\/en_\/stellenanzeige\/medizinische-fachangestellte\/\" >\n\t\t\t\tMedizinische Fachangestellte\t\t\t<\/a>\n\t\t<\/h2>\n\t\t&hellip;\t\t<\/div>\n\t\t\t\t<\/article>\n\t\t\t\t<\/div>\n\t\t\n\t\t\t\t\t\t<\/div>\n\t\t\t\t<\/div>\n\t\t\t\t<div class=\"elementor-element elementor-element-e4d38bf elementor-widget elementor-widget-text-editor\" data-id=\"e4d38bf\" data-element_type=\"widget\" data-e-type=\"widget\" data-widget_type=\"text-editor.default\">\n\t\t\t\t<div class=\"elementor-widget-container\">\n\t\t\t\t\t\t\t\t\tSind Sie bereit, Ihre Karriere in einer fortschrittlichen und respektvollen Umgebung voranzutreiben? Dann freuen wir uns darauf, von Ihnen zu h\u00f6ren! Bewerben Sie sich jetzt und werden Sie Teil eines Teams, das gemeinsam die Zukunft der Dermatologie gestaltet.\t\t\t\t\t\t\t\t<\/div>\n\t\t\t\t<\/div>\n\t\t\t\t<div class=\"elementor-element elementor-element-5ad1897 elementor-widget elementor-widget-spacer\" data-id=\"5ad1897\" data-element_type=\"widget\" data-e-type=\"widget\" data-widget_type=\"spacer.default\">\n\t\t\t\t<div class=\"elementor-widget-container\">\n\t\t\t\t\t\t\t<div class=\"elementor-spacer\">\n\t\t\t<div class=\"elementor-spacer-inner\"><\/div>\n\t\t<\/div>\n\t\t\t\t\t\t<\/div>\n\t\t\t\t<\/div>\n\t\t\t\t\t<\/div>\n\t\t<\/div>\n\t\t\t\t\t<\/div>\n\t\t<\/section>\n\t\t\t\t<section class=\"elementor-section elementor-top-section elementor-element elementor-element-62dc47e elementor-section-boxed elementor-section-height-default elementor-section-height-default\" data-id=\"62dc47e\" data-element_type=\"section\" data-e-type=\"section\">\n\t\t\t\t\t\t<div class=\"elementor-container elementor-column-gap-default\">\n\t\t\t\t\t<div class=\"elementor-column elementor-col-100 elementor-top-column elementor-element elementor-element-c05c84a\" data-id=\"c05c84a\" data-element_type=\"column\" data-e-type=\"column\">\n\t\t\t<div class=\"elementor-widget-wrap\">\n\t\t\t\t\t\t\t<\/div>\n\t\t<\/div>\n\t\t\t\t\t<\/div>\n\t\t<\/section>\n\t\t\t\t<\/div>","protected":false},"excerpt":{"rendered":"&hellip;","protected":false},"author":1,"featured_media":0,"parent":0,"menu_order":0,"comment_status":"closed","ping_status":"closed","template":"elementor_header_footer","meta":{"inline_featured_image":false,"footnotes":""},"class_list":["post-3114","page","type-page","status-publish","hentry","entry"],"publishpress_future_action":{"enabled":false,"date":"2026-05-10 14:33:59","action":"change-status","newStatus":"draft","terms":[],"taxonomy":"","extraData":[]},"publishpress_future_workflow_manual_trigger":{"enabledWorkflows":[]},"_links":{"self":[{"href":"https:\/\/hautarztzentrum-bb.de\/en_\/wp-json\/wp\/v2\/pages\/3114","targetHints":{"allow":["GET"]}}],"collection":[{"href":"https:\/\/hautarztzentrum-bb.de\/en_\/wp-json\/wp\/v2\/pages"}],"about":[{"href":"https:\/\/hautarztzentrum-bb.de\/en_\/wp-json\/wp\/v2\/types\/page"}],"author":[{"embeddable":true,"href":"https:\/\/hautarztzentrum-bb.de\/en_\/wp-json\/wp\/v2\/users\/1"}],"replies":[{"embeddable":true,"href":"https:\/\/hautarztzentrum-bb.de\/en_\/wp-json\/wp\/v2\/comments?post=3114"}],"version-history":[{"count":36,"href":"https:\/\/hautarztzentrum-bb.de\/en_\/wp-json\/wp\/v2\/pages\/3114\/revisions"}],"predecessor-version":[{"id":3204,"href":"https:\/\/hautarztzentrum-bb.de\/en_\/wp-json\/wp\/v2\/pages\/3114\/revisions\/3204"}],"wp:attachment":[{"href":"https:\/\/hautarztzentrum-bb.de\/en_\/wp-json\/wp\/v2\/media?parent=3114"}],"curies":[{"name":"wp","href":"https:\/\/api.w.org\/{rel}","templated":true}]}}